{"id":2190,"date":"2024-06-19T11:52:26","date_gmt":"2024-06-19T10:52:26","guid":{"rendered":"https:\/\/leadmentor.net\/?post_type=product&#038;p=2190"},"modified":"2025-01-24T11:15:56","modified_gmt":"2025-01-24T10:15:56","slug":"videocorso-lean-six-sigma-green-belt","status":"publish","type":"product","link":"https:\/\/leadmentor.net\/en\/prodotto\/videocorso-lean-six-sigma-green-belt\/","title":{"rendered":"Videocorso Lean Six Sigma Green Belt"},"content":{"rendered":"","protected":false},"excerpt":{"rendered":"<p>Entra nel mondo dell\u2019efficienza operativa e dell\u2019eccellenza nella gestione dei processi con il nostro corso online di Lean Six Sigma-Green Belt, progettato per coloro che desiderano acquisire conoscenze sul miglioramento aziendale e sull\u2019ottimizzazione dei processi. Il videocorso \u00e8 diviso in 9 moduli all\u2019interno del quale sono trattati gli strumenti fondamentali della metodologia Lean Six Sigma, ad esempio: Mappature di processo, MSA, Standard work, Run Chart, Test di normalit\u00e0, Process Capability, Diagramma di Ishikawa, Metodo delle 5Whys, Creative thinking, 5S, Analisi delle cause radice ecc. Ogni strumento ha il suo scopo e pu\u00f2 essere utilizzato in diverse fasi del ciclo DMAIC per migliorare la qualit\u00e0 e l&#8217;efficienza dei processi aziendali. Il videocorso \u00e8 utile al percorso di certificazione secondo gli standard del British Quality Foundation e della ISO 18404, della ISO 18404 e della ISO 13053 parte 1 e parte 2. Inizia oggi il tuo viaggio verso l&#8217;eccellenza operativa con il nostro corso di Lean Six Sigma livello Green Belt!<\/p>\n","protected":false},"featured_media":2191,"comment_status":"open","ping_status":"closed","template":"","meta":{"_crdt_document":"","advanced_seo_description":"","jetpack_seo_html_title":"","jetpack_seo_noindex":false},"product_brand":[],"product_cat":[33],"product_tag":[],"class_list":{"0":"post-2190","1":"product","2":"type-product","3":"status-publish","4":"has-post-thumbnail","6":"product_cat-video-corsi","7":"post","9":"first","10":"instock","11":"virtual","12":"purchasable","13":"product-type-simple"},"bundled_by":[],"bundle_stock_status":"instock","bundle_stock_quantity":null,"bundle_virtual":false,"bundle_layout":"","bundle_add_to_cart_form_location":"","bundle_editable_in_cart":false,"bundle_sold_individually_context":"","bundle_item_grouping":"","bundle_min_size":"","bundle_max_size":"","bundle_price":[],"bundled_items":[],"bundle_sell_ids":[],"jetpack_sharing_enabled":true,"_links":{"self":[{"href":"https:\/\/leadmentor.net\/en\/wp-json\/wp\/v2\/product\/2190","targetHints":{"allow":["GET"]}}],"collection":[{"href":"https:\/\/leadmentor.net\/en\/wp-json\/wp\/v2\/product"}],"about":[{"href":"https:\/\/leadmentor.net\/en\/wp-json\/wp\/v2\/types\/product"}],"replies":[{"embeddable":true,"href":"https:\/\/leadmentor.net\/en\/wp-json\/wp\/v2\/comments?post=2190"}],"wp:featuredmedia":[{"embeddable":true,"href":"https:\/\/leadmentor.net\/en\/wp-json\/wp\/v2\/media\/2191"}],"wp:attachment":[{"href":"https:\/\/leadmentor.net\/en\/wp-json\/wp\/v2\/media?parent=2190"}],"wp:term":[{"taxonomy":"product_brand","embeddable":true,"href":"https:\/\/leadmentor.net\/en\/wp-json\/wp\/v2\/product_brand?post=2190"},{"taxonomy":"product_cat","embeddable":true,"href":"https:\/\/leadmentor.net\/en\/wp-json\/wp\/v2\/product_cat?post=2190"},{"taxonomy":"product_tag","embeddable":true,"href":"https:\/\/leadmentor.net\/en\/wp-json\/wp\/v2\/product_tag?post=2190"}],"curies":[{"name":"wp","href":"https:\/\/api.w.org\/{rel}","templated":true}]}}