{"id":2069,"date":"2024-05-29T16:37:31","date_gmt":"2024-05-29T15:37:31","guid":{"rendered":"https:\/\/leadmentor.net\/?post_type=product&#038;p=2069"},"modified":"2025-01-24T11:14:15","modified_gmt":"2025-01-24T10:14:15","slug":"set-lean-six-sigma-black-belt","status":"publish","type":"product","link":"https:\/\/leadmentor.net\/en\/prodotto\/set-lean-six-sigma-black-belt\/","title":{"rendered":"Set Lean Six Sigma \u2013 Black Belt"},"content":{"rendered":"<p>Questo set completo include:<br \/>\n\u00b7 Manuale \u201cCorso Lean Six Sigma \u2013 Black Belt slide edition\u201d: All\u2019interno del manuale avrai a tua disposizione tutte le slide dell\u2019intero corso e del materiale aggiuntivo.<br \/>\n\u00b7 Videocorso Lean Six Sigma &#8211; Black Belt: Il videocorso \u00e8 composto da 12 moduli, all\u2019interno del quale sono trattati gli strumenti fondamentali della metodologia. Le lezioni ti guideranno passo dopo passo all\u2019acquisizione della certificazione e alla realizzazione del mini-progetto.<br \/>\n\u00b7 Lean Six Sigma Black Belt Test Workbook: Grazie al nostro esclusivo Workbook potrai mettere in pratica ci\u00f2 che hai imparato e prepararti all\u2019esame finale. Il libro \u00e8 composto da 200 domande di preparazione e dalle rispettive risposte.<br \/>\n\u00b7 Test per l\u2019acquisizione della certificazione: Il test per ottenere la certificazione verr\u00e0 svolto direttamente su Google moduli. \u00c8 composto da 100 domande da svolgere in 4 ore, per poter superare il test \u00e8 necessario rispondere correttamente all\u201980% delle domande.<br \/>\n\u00b7 Format per il progetto: All\u2019interno del set sar\u00e0 presente un format gi\u00e0 preimpostato da noi per facilitarvi nell\u2019esecuzione del progetto. La realizzazione del progetto \u00e8 necessaria per poter acquisire la certificazione Black Belt.<br \/>\n\u00b7 Assessment competenze Pre: Documento con cui si valutano le conoscenze del candidato sulla metodologia DMAIC prima di iniziare il corso.<br \/>\n\u00b7 Assessment competenze Post: Documento con cui si valutano le conoscenze del candidato sulla metodologia DMAIC dopo la conclusione del corso.<br \/>\n\u00b7 9 sessioni di coaching: Il set comprende 9 sessioni di coaching con uno dei nostri consulenti che ti affiancher\u00e0 nello svolgimento del progetto. Le sessioni andranno prenotate.<br \/>\n\u00b7 Project survey: Riunione finale con uno dei nostri consulenti durante il quale presenterai il tuo progetto. Durante la riunione si verificher\u00e0 che all\u2019interno del progetto siano presenti tutti gli elementi mandatori e che quindi il progetto sia conforme agli standard del BQF.<br \/>\n\u00b7 Certificazione Lean Six Sigma \u2013 Black Belt: Al termine del percorso, avrai compreso nel prezzo il rilascio della certificazione Lean Six Sigma Black Belt.<\/p>\n<p>Investi nel tuo futuro e in quello della tua azienda, scopri il potenziale che il Lean Six Sigma pu\u00f2 sbloccare nella tua carriera!<\/p>\n","protected":false},"excerpt":{"rendered":"<p>Completa il tuo percorso nel mondo Lean Six Sigma con il nostro set Black Belt. Questo set completo ti fornir\u00e0 tutte le risorse necessarie per diventare un vero esperto di metodologia Lean Six Sigma.<br \/>\nGrazie al nostro set potrai ottenere una certificazione riconosciuta, secondo gli standard del British Quality Foundation, della ISO 18404 e della ISO 13053 parte 1 e parte 2. Potrai imparare numerosi nuovi strumenti fondamentali della metodologia come ad esempio: QFD, Policy Deployment, OEE, Distribuzioni, Process Capability, il calcolo dei rendimenti, Hidden Factory, Matrix Diagram, Activity Network Diagram, Lean Material Flow ecc. Attenzione: per poter ottenere la certificazione \u00e8 necessario aver concluso con successo il percorso Lean Six Sigma \u2013 Green Belt.<\/p>\n","protected":false},"featured_media":3404,"comment_status":"open","ping_status":"closed","template":"","meta":{"_crdt_document":"","advanced_seo_description":"","jetpack_seo_html_title":"","jetpack_seo_noindex":false},"product_brand":[],"product_cat":[57],"product_tag":[],"class_list":{"0":"post-2069","1":"product","2":"type-product","3":"status-publish","4":"has-post-thumbnail","6":"product_cat-set-formativi","7":"post","9":"first","10":"outofstock","11":"shipping-taxable","12":"purchasable","13":"product-type-simple"},"bundled_by":[],"bundle_stock_status":"outofstock","bundle_stock_quantity":null,"bundle_virtual":false,"bundle_layout":"","bundle_add_to_cart_form_location":"","bundle_editable_in_cart":false,"bundle_sold_individually_context":"","bundle_item_grouping":"","bundle_min_size":"","bundle_max_size":"","bundle_price":[],"bundled_items":[],"bundle_sell_ids":[],"jetpack_sharing_enabled":true,"_links":{"self":[{"href":"https:\/\/leadmentor.net\/en\/wp-json\/wp\/v2\/product\/2069","targetHints":{"allow":["GET"]}}],"collection":[{"href":"https:\/\/leadmentor.net\/en\/wp-json\/wp\/v2\/product"}],"about":[{"href":"https:\/\/leadmentor.net\/en\/wp-json\/wp\/v2\/types\/product"}],"replies":[{"embeddable":true,"href":"https:\/\/leadmentor.net\/en\/wp-json\/wp\/v2\/comments?post=2069"}],"wp:featuredmedia":[{"embeddable":true,"href":"https:\/\/leadmentor.net\/en\/wp-json\/wp\/v2\/media\/3404"}],"wp:attachment":[{"href":"https:\/\/leadmentor.net\/en\/wp-json\/wp\/v2\/media?parent=2069"}],"wp:term":[{"taxonomy":"product_brand","embeddable":true,"href":"https:\/\/leadmentor.net\/en\/wp-json\/wp\/v2\/product_brand?post=2069"},{"taxonomy":"product_cat","embeddable":true,"href":"https:\/\/leadmentor.net\/en\/wp-json\/wp\/v2\/product_cat?post=2069"},{"taxonomy":"product_tag","embeddable":true,"href":"https:\/\/leadmentor.net\/en\/wp-json\/wp\/v2\/product_tag?post=2069"}],"curies":[{"name":"wp","href":"https:\/\/api.w.org\/{rel}","templated":true}]}}