{"id":1917,"date":"2024-04-24T16:08:14","date_gmt":"2024-04-24T15:08:14","guid":{"rendered":"https:\/\/leadmentor.net\/?post_type=product&#038;p=1917"},"modified":"2024-05-06T15:54:51","modified_gmt":"2024-05-06T14:54:51","slug":"penguin-game-incrementa-la-tua-produttivita-grazie-al-potere-dello-standard-work","status":"publish","type":"product","link":"https:\/\/leadmentor.net\/en\/prodotto\/penguin-game-incrementa-la-tua-produttivita-grazie-al-potere-dello-standard-work\/","title":{"rendered":"Penguin Game &#8211; Incrementa la tua produttivit\u00e0 grazie al potere dello Standard Work"},"content":{"rendered":"<p>Preparati a un&#8217;esperienza formativa immersiva e coinvolgente. Penguin Standard Work game \u00e8 un gioco formativo di simulazione che ti permette di imparare ad utilizzare lo \u201cStandard work\u201d, strumento alla base dell\u2019efficienza e della metodologia Lean. Potrai in maniera immediata ed efficace riconoscere l\u2019importanza di definire, standardizzare e regolarizzare le attivit\u00e0 di processo, allo scopo di ottenere il risultato desiderato in maniera uniforme e riducendo le possibilit\u00e0 di errore. Lo scopo del gioco \u00e8 quello di comprendere l\u2019essenzialit\u00e0 dell\u2019applicazione di questo strumento all\u2019interno di un contesto aziendale.<br \/>\nPenguin standard work game fa parte della collana di strumenti pratici ed immediati per l\u2019autoapprendimento delle discipline di miglioramento continuo aziendale di cui Leadmentor \u00e8 l\u2019esclusivo promotore.<\/p>\n","protected":false},"excerpt":{"rendered":"<p><strong>Serie\/Collana:<\/strong> Simulation Game<br \/>\nIncrease your productivity with the power of Standard Work<\/p>\n","protected":false},"featured_media":1918,"comment_status":"open","ping_status":"closed","template":"","meta":{"_crdt_document":"","advanced_seo_description":"","jetpack_seo_html_title":"","jetpack_seo_noindex":false},"product_brand":[],"product_cat":[34],"product_tag":[],"class_list":{"0":"post-1917","1":"product","2":"type-product","3":"status-publish","4":"has-post-thumbnail","6":"product_cat-business-games","7":"post","9":"first","10":"instock","11":"shipping-taxable","12":"purchasable","13":"product-type-simple"},"bundled_by":[],"bundle_stock_status":"instock","bundle_stock_quantity":null,"bundle_virtual":false,"bundle_layout":"","bundle_add_to_cart_form_location":"","bundle_editable_in_cart":false,"bundle_sold_individually_context":"","bundle_item_grouping":"","bundle_min_size":"","bundle_max_size":"","bundle_price":[],"bundled_items":[],"bundle_sell_ids":[],"jetpack_sharing_enabled":true,"_links":{"self":[{"href":"https:\/\/leadmentor.net\/en\/wp-json\/wp\/v2\/product\/1917","targetHints":{"allow":["GET"]}}],"collection":[{"href":"https:\/\/leadmentor.net\/en\/wp-json\/wp\/v2\/product"}],"about":[{"href":"https:\/\/leadmentor.net\/en\/wp-json\/wp\/v2\/types\/product"}],"replies":[{"embeddable":true,"href":"https:\/\/leadmentor.net\/en\/wp-json\/wp\/v2\/comments?post=1917"}],"wp:featuredmedia":[{"embeddable":true,"href":"https:\/\/leadmentor.net\/en\/wp-json\/wp\/v2\/media\/1918"}],"wp:attachment":[{"href":"https:\/\/leadmentor.net\/en\/wp-json\/wp\/v2\/media?parent=1917"}],"wp:term":[{"taxonomy":"product_brand","embeddable":true,"href":"https:\/\/leadmentor.net\/en\/wp-json\/wp\/v2\/product_brand?post=1917"},{"taxonomy":"product_cat","embeddable":true,"href":"https:\/\/leadmentor.net\/en\/wp-json\/wp\/v2\/product_cat?post=1917"},{"taxonomy":"product_tag","embeddable":true,"href":"https:\/\/leadmentor.net\/en\/wp-json\/wp\/v2\/product_tag?post=1917"}],"curies":[{"name":"wp","href":"https:\/\/api.w.org\/{rel}","templated":true}]}}