{"id":1913,"date":"2024-04-24T15:58:03","date_gmt":"2024-04-24T14:58:03","guid":{"rendered":"https:\/\/leadmentor.net\/?post_type=product&#038;p=1913"},"modified":"2024-05-30T17:17:14","modified_gmt":"2024-05-30T16:17:14","slug":"car-garage-incrementa-la-tua-produttivita-grazie-al-potere-del-continuous-flow","status":"publish","type":"product","link":"https:\/\/leadmentor.net\/en\/prodotto\/car-garage-incrementa-la-tua-produttivita-grazie-al-potere-del-continuous-flow\/","title":{"rendered":"Car Garage &#8211; Incrementa la tua produttivit\u00e0 grazie al potere del Continuous Flow"},"content":{"rendered":"<p>Entra nel mondo frenetico e avvincente di Car Garage Simulation, dove, oltre a indossare i panni di un dipendente di un parcheggio custodito sotterraneo, sarai un vero eroe del miglioramento aziendale! Preparati a sbloccare il potenziale nascosto del tuo team e a guidarlo verso nuove vette di produttivit\u00e0, efficacia ed eccellenza operativa.<br \/>\nIl Car Garage Simulation \u00e8 un gioco formativo di simulazione che permette di comprendere in modo semplice, efficace e coinvolgente i benefici derivanti dall\u2019applicazione della metodologia di miglioramento processi (Lean Six Sigma) nel contesto aziendale. Per un giorno sarai un dipendente di un parcheggio custodito sotterraneo, dove potrai sperimentare in maniera pratica e da un punto di vista diverso le potenzialit\u00e0 delle metodologie di miglioramento dei processi. In che modo puoi aumentare e migliorare la produttivit\u00e0? Quali sono le soluzioni pi\u00f9 efficaci da adottare? Come coinvolgi un team di lavoro nel raggiungimento di obiettivi sfidanti?<br \/>\nCar Garage Simulation fa parte della collana di strumenti pratici ed immediati per l\u2019autoapprendimento delle discipline di miglioramento continuo aziendale di cui Leadmentor \u00e8 l\u2019esclusivo promotore.<\/p>\n","protected":false},"excerpt":{"rendered":"<p><strong>Serie\/Collana:<\/strong> Simulation Game<br \/>\nIncrease your productivity with the power of Continuous Flow<\/p>\n","protected":false},"featured_media":1914,"comment_status":"open","ping_status":"closed","template":"","meta":{"_crdt_document":"","advanced_seo_description":"","jetpack_seo_html_title":"","jetpack_seo_noindex":false},"product_brand":[],"product_cat":[34],"product_tag":[],"class_list":{"0":"post-1913","1":"product","2":"type-product","3":"status-publish","4":"has-post-thumbnail","6":"product_cat-business-games","7":"post","9":"first","10":"instock","11":"shipping-taxable","12":"purchasable","13":"product-type-simple"},"bundled_by":[],"bundle_stock_status":"instock","bundle_stock_quantity":null,"bundle_virtual":false,"bundle_layout":"","bundle_add_to_cart_form_location":"","bundle_editable_in_cart":false,"bundle_sold_individually_context":"","bundle_item_grouping":"","bundle_min_size":"","bundle_max_size":"","bundle_price":[],"bundled_items":[],"bundle_sell_ids":[],"jetpack_sharing_enabled":true,"_links":{"self":[{"href":"https:\/\/leadmentor.net\/en\/wp-json\/wp\/v2\/product\/1913","targetHints":{"allow":["GET"]}}],"collection":[{"href":"https:\/\/leadmentor.net\/en\/wp-json\/wp\/v2\/product"}],"about":[{"href":"https:\/\/leadmentor.net\/en\/wp-json\/wp\/v2\/types\/product"}],"replies":[{"embeddable":true,"href":"https:\/\/leadmentor.net\/en\/wp-json\/wp\/v2\/comments?post=1913"}],"wp:featuredmedia":[{"embeddable":true,"href":"https:\/\/leadmentor.net\/en\/wp-json\/wp\/v2\/media\/1914"}],"wp:attachment":[{"href":"https:\/\/leadmentor.net\/en\/wp-json\/wp\/v2\/media?parent=1913"}],"wp:term":[{"taxonomy":"product_brand","embeddable":true,"href":"https:\/\/leadmentor.net\/en\/wp-json\/wp\/v2\/product_brand?post=1913"},{"taxonomy":"product_cat","embeddable":true,"href":"https:\/\/leadmentor.net\/en\/wp-json\/wp\/v2\/product_cat?post=1913"},{"taxonomy":"product_tag","embeddable":true,"href":"https:\/\/leadmentor.net\/en\/wp-json\/wp\/v2\/product_tag?post=1913"}],"curies":[{"name":"wp","href":"https:\/\/api.w.org\/{rel}","templated":true}]}}